{"id":19822,"date":"2026-04-24T12:26:23","date_gmt":"2026-04-24T10:26:23","guid":{"rendered":"https:\/\/safetech.gr\/?post_type=product&#038;p=19822"},"modified":"2026-04-24T12:26:23","modified_gmt":"2026-04-24T10:26:23","slug":"enischymeno-anaklastiko-mesaiou-megethous-stop-trochou","status":"publish","type":"product","link":"https:\/\/safetech.gr\/en\/shop\/enischymeno-anaklastiko-mesaiou-megethous-stop-trochou\/","title":{"rendered":"Reinforced medium-sized reflective wheel stop"},"content":{"rendered":"<p>The reinforced medium-sized reflective wheel stop is a 90 cm parking stop, suitable for precise vehicle positioning and clear marking of parking spaces.\nIt is manufactured from recycled rubber in a single high-strength body, featuring reflective elements for improved visibility. It is suitable for use in indoor and outdoor garages, private parking areas, and other controlled traffic environments.\nDue to its increased length, it provides more stable contact with vehicle wheels and better guidance compared to smaller single wheel stops.<\/p>","protected":false},"excerpt":{"rendered":"<p>Dimensions: 900 \u00d7 150 \u00d7 100 mm (length \u00d7 width \u00d7 height)<\/p>\n<p>Weight: 8 kg<\/p>\n<p>&nbsp;<\/p>","protected":false},"featured_media":19823,"comment_status":"closed","ping_status":"closed","template":"","meta":{"_acf_changed":false},"product_brand":[257],"product_cat":[228],"product_tag":[],"class_list":{"0":"post-19822","1":"product","2":"type-product","3":"status-publish","4":"has-post-thumbnail","6":"product_brand-doorado","7":"product_cat-kad","9":"first","10":"instock","11":"taxable","12":"shipping-taxable","13":"purchasable","14":"product-type-simple"},"acf":[],"yoast_head":"<!-- This site is optimized with the Yoast SEO plugin v27.4 - https:\/\/yoast.com\/product\/yoast-seo-wordpress\/ -->\n<title>\u0395\u03bd\u03b9\u03c3\u03c7\u03c5\u03bc\u03ad\u03bd\u03bf \u03b1\u03bd\u03b1\u03ba\u03bb\u03b1\u03c3\u03c4\u03b9\u03ba\u03cc \u03bc\u03b5\u03c3\u03b1\u03af\u03bf\u03c5 \u03bc\u03b5\u03b3\u03ad\u03b8\u03bf\u03c5\u03c2 \u03c3\u03c4\u03bf\u03c0 \u03c4\u03c1\u03bf\u03c7\u03bf\u03cd - Safetech.gr<\/title>\n<meta name=\"robots\" content=\"index, follow, max-snippet:-1, max-image-preview:large, max-video-preview:-1\" \/>\n<link rel=\"canonical\" href=\"https:\/\/safetech.gr\/en\/shop\/enischymeno-anaklastiko-mesaiou-megethous-stop-trochou\/\" \/>\n<meta property=\"og:locale\" content=\"en_GB\" \/>\n<meta property=\"og:type\" content=\"article\" \/>\n<meta property=\"og:title\" content=\"\u0395\u03bd\u03b9\u03c3\u03c7\u03c5\u03bc\u03ad\u03bd\u03bf \u03b1\u03bd\u03b1\u03ba\u03bb\u03b1\u03c3\u03c4\u03b9\u03ba\u03cc \u03bc\u03b5\u03c3\u03b1\u03af\u03bf\u03c5 \u03bc\u03b5\u03b3\u03ad\u03b8\u03bf\u03c5\u03c2 \u03c3\u03c4\u03bf\u03c0 \u03c4\u03c1\u03bf\u03c7\u03bf\u03cd - Safetech.gr\" \/>\n<meta property=\"og:description\" content=\"\u0394\u03b9\u03b1\u03c3\u03c4\u03ac\u03c3\u03b5\u03b9\u03c2: 900 x 150 x \u03c5\u03c8100mm  \u0392\u03ac\u03c1\u03bf\u03c2: 8 kg.  &nbsp;\" \/>\n<meta property=\"og:url\" content=\"https:\/\/safetech.gr\/en\/shop\/enischymeno-anaklastiko-mesaiou-megethous-stop-trochou\/\" \/>\n<meta property=\"og:site_name\" content=\"Safetech.gr\" \/>\n<meta property=\"og:image\" content=\"https:\/\/safetech.gr\/wp-content\/uploads\/2026\/04\/03.-WHEEL-STOP-RWS-5.jpg\" \/>\n\t<meta property=\"og:image:width\" content=\"400\" \/>\n\t<meta property=\"og:image:height\" content=\"295\" \/>\n\t<meta property=\"og:image:type\" content=\"image\/jpeg\" \/>\n<meta name=\"twitter:card\" content=\"summary_large_image\" \/>\n<meta name=\"twitter:label1\" content=\"Estimated reading time\" \/>\n\t<meta name=\"twitter:data1\" content=\"1 minute\" \/>\n<script type=\"application\/ld+json\" class=\"yoast-schema-graph\">{\"@context\":\"https:\\\/\\\/schema.org\",\"@graph\":[{\"@type\":\"WebPage\",\"@id\":\"https:\\\/\\\/safetech.gr\\\/shop\\\/enischymeno-anaklastiko-mesaiou-megethous-stop-trochou\\\/\",\"url\":\"https:\\\/\\\/safetech.gr\\\/shop\\\/enischymeno-anaklastiko-mesaiou-megethous-stop-trochou\\\/\",\"name\":\"\u0395\u03bd\u03b9\u03c3\u03c7\u03c5\u03bc\u03ad\u03bd\u03bf \u03b1\u03bd\u03b1\u03ba\u03bb\u03b1\u03c3\u03c4\u03b9\u03ba\u03cc \u03bc\u03b5\u03c3\u03b1\u03af\u03bf\u03c5 \u03bc\u03b5\u03b3\u03ad\u03b8\u03bf\u03c5\u03c2 \u03c3\u03c4\u03bf\u03c0 \u03c4\u03c1\u03bf\u03c7\u03bf\u03cd - Safetech.gr\",\"isPartOf\":{\"@id\":\"https:\\\/\\\/safetech.gr\\\/#website\"},\"primaryImageOfPage\":{\"@id\":\"https:\\\/\\\/safetech.gr\\\/shop\\\/enischymeno-anaklastiko-mesaiou-megethous-stop-trochou\\\/#primaryimage\"},\"image\":{\"@id\":\"https:\\\/\\\/safetech.gr\\\/shop\\\/enischymeno-anaklastiko-mesaiou-megethous-stop-trochou\\\/#primaryimage\"},\"thumbnailUrl\":\"https:\\\/\\\/safetech.gr\\\/wp-content\\\/uploads\\\/2026\\\/04\\\/03.-WHEEL-STOP-RWS-5.jpg\",\"datePublished\":\"2026-04-24T10:26:23+00:00\",\"breadcrumb\":{\"@id\":\"https:\\\/\\\/safetech.gr\\\/shop\\\/enischymeno-anaklastiko-mesaiou-megethous-stop-trochou\\\/#breadcrumb\"},\"inLanguage\":\"en-GB\",\"potentialAction\":[{\"@type\":\"ReadAction\",\"target\":[\"https:\\\/\\\/safetech.gr\\\/shop\\\/enischymeno-anaklastiko-mesaiou-megethous-stop-trochou\\\/\"]}]},{\"@type\":\"ImageObject\",\"inLanguage\":\"en-GB\",\"@id\":\"https:\\\/\\\/safetech.gr\\\/shop\\\/enischymeno-anaklastiko-mesaiou-megethous-stop-trochou\\\/#primaryimage\",\"url\":\"https:\\\/\\\/safetech.gr\\\/wp-content\\\/uploads\\\/2026\\\/04\\\/03.-WHEEL-STOP-RWS-5.jpg\",\"contentUrl\":\"https:\\\/\\\/safetech.gr\\\/wp-content\\\/uploads\\\/2026\\\/04\\\/03.-WHEEL-STOP-RWS-5.jpg\",\"width\":400,\"height\":295},{\"@type\":\"BreadcrumbList\",\"@id\":\"https:\\\/\\\/safetech.gr\\\/shop\\\/enischymeno-anaklastiko-mesaiou-megethous-stop-trochou\\\/#breadcrumb\",\"itemListElement\":[{\"@type\":\"ListItem\",\"position\":1,\"name\":\"Home\",\"item\":\"https:\\\/\\\/safetech.gr\\\/\"},{\"@type\":\"ListItem\",\"position\":2,\"name\":\"\u03a0\u03c1\u03bf\u03ca\u03cc\u03bd\u03c4\u03b1\",\"item\":\"https:\\\/\\\/safetech.gr\\\/shop\\\/\"},{\"@type\":\"ListItem\",\"position\":3,\"name\":\"\u0395\u039e\u039f\u03a0\u039b\u0399\u03a3\u039c\u039f\u03a3 \u0393\u0399\u0391 \u039a.\u0391.\u0394 (\u039a\u0395\u039d\u03a4\u03a1\u0391 \u0391\u03a0\u039f\u0398\u0397\u039a\u0395\u03a5\u03a3\u0397\u03a3 \u0394\u0399\u0391\u039d\u039f\u039c\u0397\u03a3) &amp; \u0395\u03a1\u0393\u039f\u03a4\u0391\u039e\u0399\u0391\",\"item\":\"https:\\\/\\\/safetech.gr\\\/product-category\\\/kad\\\/\"},{\"@type\":\"ListItem\",\"position\":4,\"name\":\"\u0395\u03bd\u03b9\u03c3\u03c7\u03c5\u03bc\u03ad\u03bd\u03bf \u03b1\u03bd\u03b1\u03ba\u03bb\u03b1\u03c3\u03c4\u03b9\u03ba\u03cc \u03bc\u03b5\u03c3\u03b1\u03af\u03bf\u03c5 \u03bc\u03b5\u03b3\u03ad\u03b8\u03bf\u03c5\u03c2 \u03c3\u03c4\u03bf\u03c0 \u03c4\u03c1\u03bf\u03c7\u03bf\u03cd\"}]},{\"@type\":\"WebSite\",\"@id\":\"https:\\\/\\\/safetech.gr\\\/#website\",\"url\":\"https:\\\/\\\/safetech.gr\\\/\",\"name\":\"Safetech.gr\",\"description\":\"\u0391\u03c3\u03c6\u03ac\u03bb\u03b5\u03b9\u03b1 \u03b5\u03c1\u03b3\u03b1\u03c3\u03af\u03b1\u03c2 &amp; \u0392\u03b9\u03bf\u03bc\u03b7\u03c7\u03b1\u03bd\u03b9\u03ba\u03ae \u03c3\u03ae\u03bc\u03b1\u03bd\u03c3\u03b7\",\"potentialAction\":[{\"@type\":\"SearchAction\",\"target\":{\"@type\":\"EntryPoint\",\"urlTemplate\":\"https:\\\/\\\/safetech.gr\\\/?s={search_term_string}\"},\"query-input\":{\"@type\":\"PropertyValueSpecification\",\"valueRequired\":true,\"valueName\":\"search_term_string\"}}],\"inLanguage\":\"en-GB\"}]}<\/script>\n<!-- \/ Yoast SEO plugin. -->","yoast_head_json":{"title":"\u0395\u03bd\u03b9\u03c3\u03c7\u03c5\u03bc\u03ad\u03bd\u03bf \u03b1\u03bd\u03b1\u03ba\u03bb\u03b1\u03c3\u03c4\u03b9\u03ba\u03cc \u03bc\u03b5\u03c3\u03b1\u03af\u03bf\u03c5 \u03bc\u03b5\u03b3\u03ad\u03b8\u03bf\u03c5\u03c2 \u03c3\u03c4\u03bf\u03c0 \u03c4\u03c1\u03bf\u03c7\u03bf\u03cd - Safetech.gr","robots":{"index":"index","follow":"follow","max-snippet":"max-snippet:-1","max-image-preview":"max-image-preview:large","max-video-preview":"max-video-preview:-1"},"canonical":"https:\/\/safetech.gr\/en\/shop\/enischymeno-anaklastiko-mesaiou-megethous-stop-trochou\/","og_locale":"en_GB","og_type":"article","og_title":"\u0395\u03bd\u03b9\u03c3\u03c7\u03c5\u03bc\u03ad\u03bd\u03bf \u03b1\u03bd\u03b1\u03ba\u03bb\u03b1\u03c3\u03c4\u03b9\u03ba\u03cc \u03bc\u03b5\u03c3\u03b1\u03af\u03bf\u03c5 \u03bc\u03b5\u03b3\u03ad\u03b8\u03bf\u03c5\u03c2 \u03c3\u03c4\u03bf\u03c0 \u03c4\u03c1\u03bf\u03c7\u03bf\u03cd - Safetech.gr","og_description":"\u0394\u03b9\u03b1\u03c3\u03c4\u03ac\u03c3\u03b5\u03b9\u03c2: 900 x 150 x \u03c5\u03c8100mm  \u0392\u03ac\u03c1\u03bf\u03c2: 8 kg.  &nbsp;","og_url":"https:\/\/safetech.gr\/en\/shop\/enischymeno-anaklastiko-mesaiou-megethous-stop-trochou\/","og_site_name":"Safetech.gr","og_image":[{"width":400,"height":295,"url":"https:\/\/safetech.gr\/wp-content\/uploads\/2026\/04\/03.-WHEEL-STOP-RWS-5.jpg","type":"image\/jpeg"}],"twitter_card":"summary_large_image","twitter_misc":{"Estimated reading time":"1 minute"},"schema":{"@context":"https:\/\/schema.org","@graph":[{"@type":"WebPage","@id":"https:\/\/safetech.gr\/shop\/enischymeno-anaklastiko-mesaiou-megethous-stop-trochou\/","url":"https:\/\/safetech.gr\/shop\/enischymeno-anaklastiko-mesaiou-megethous-stop-trochou\/","name":"\u0395\u03bd\u03b9\u03c3\u03c7\u03c5\u03bc\u03ad\u03bd\u03bf \u03b1\u03bd\u03b1\u03ba\u03bb\u03b1\u03c3\u03c4\u03b9\u03ba\u03cc \u03bc\u03b5\u03c3\u03b1\u03af\u03bf\u03c5 \u03bc\u03b5\u03b3\u03ad\u03b8\u03bf\u03c5\u03c2 \u03c3\u03c4\u03bf\u03c0 \u03c4\u03c1\u03bf\u03c7\u03bf\u03cd - Safetech.gr","isPartOf":{"@id":"https:\/\/safetech.gr\/#website"},"primaryImageOfPage":{"@id":"https:\/\/safetech.gr\/shop\/enischymeno-anaklastiko-mesaiou-megethous-stop-trochou\/#primaryimage"},"image":{"@id":"https:\/\/safetech.gr\/shop\/enischymeno-anaklastiko-mesaiou-megethous-stop-trochou\/#primaryimage"},"thumbnailUrl":"https:\/\/safetech.gr\/wp-content\/uploads\/2026\/04\/03.-WHEEL-STOP-RWS-5.jpg","datePublished":"2026-04-24T10:26:23+00:00","breadcrumb":{"@id":"https:\/\/safetech.gr\/shop\/enischymeno-anaklastiko-mesaiou-megethous-stop-trochou\/#breadcrumb"},"inLanguage":"en-GB","potentialAction":[{"@type":"ReadAction","target":["https:\/\/safetech.gr\/shop\/enischymeno-anaklastiko-mesaiou-megethous-stop-trochou\/"]}]},{"@type":"ImageObject","inLanguage":"en-GB","@id":"https:\/\/safetech.gr\/shop\/enischymeno-anaklastiko-mesaiou-megethous-stop-trochou\/#primaryimage","url":"https:\/\/safetech.gr\/wp-content\/uploads\/2026\/04\/03.-WHEEL-STOP-RWS-5.jpg","contentUrl":"https:\/\/safetech.gr\/wp-content\/uploads\/2026\/04\/03.-WHEEL-STOP-RWS-5.jpg","width":400,"height":295},{"@type":"BreadcrumbList","@id":"https:\/\/safetech.gr\/shop\/enischymeno-anaklastiko-mesaiou-megethous-stop-trochou\/#breadcrumb","itemListElement":[{"@type":"ListItem","position":1,"name":"Home","item":"https:\/\/safetech.gr\/"},{"@type":"ListItem","position":2,"name":"\u03a0\u03c1\u03bf\u03ca\u03cc\u03bd\u03c4\u03b1","item":"https:\/\/safetech.gr\/shop\/"},{"@type":"ListItem","position":3,"name":"\u0395\u039e\u039f\u03a0\u039b\u0399\u03a3\u039c\u039f\u03a3 \u0393\u0399\u0391 \u039a.\u0391.\u0394 (\u039a\u0395\u039d\u03a4\u03a1\u0391 \u0391\u03a0\u039f\u0398\u0397\u039a\u0395\u03a5\u03a3\u0397\u03a3 \u0394\u0399\u0391\u039d\u039f\u039c\u0397\u03a3) &amp; \u0395\u03a1\u0393\u039f\u03a4\u0391\u039e\u0399\u0391","item":"https:\/\/safetech.gr\/product-category\/kad\/"},{"@type":"ListItem","position":4,"name":"\u0395\u03bd\u03b9\u03c3\u03c7\u03c5\u03bc\u03ad\u03bd\u03bf \u03b1\u03bd\u03b1\u03ba\u03bb\u03b1\u03c3\u03c4\u03b9\u03ba\u03cc \u03bc\u03b5\u03c3\u03b1\u03af\u03bf\u03c5 \u03bc\u03b5\u03b3\u03ad\u03b8\u03bf\u03c5\u03c2 \u03c3\u03c4\u03bf\u03c0 \u03c4\u03c1\u03bf\u03c7\u03bf\u03cd"}]},{"@type":"WebSite","@id":"https:\/\/safetech.gr\/#website","url":"https:\/\/safetech.gr\/","name":"Safetech.gr","description":"\u0391\u03c3\u03c6\u03ac\u03bb\u03b5\u03b9\u03b1 \u03b5\u03c1\u03b3\u03b1\u03c3\u03af\u03b1\u03c2 &amp; \u0392\u03b9\u03bf\u03bc\u03b7\u03c7\u03b1\u03bd\u03b9\u03ba\u03ae \u03c3\u03ae\u03bc\u03b1\u03bd\u03c3\u03b7","potentialAction":[{"@type":"SearchAction","target":{"@type":"EntryPoint","urlTemplate":"https:\/\/safetech.gr\/?s={search_term_string}"},"query-input":{"@type":"PropertyValueSpecification","valueRequired":true,"valueName":"search_term_string"}}],"inLanguage":"en-GB"}]}},"_links":{"self":[{"href":"https:\/\/safetech.gr\/en\/wp-json\/wp\/v2\/product\/19822","targetHints":{"allow":["GET"]}}],"collection":[{"href":"https:\/\/safetech.gr\/en\/wp-json\/wp\/v2\/product"}],"about":[{"href":"https:\/\/safetech.gr\/en\/wp-json\/wp\/v2\/types\/product"}],"replies":[{"embeddable":true,"href":"https:\/\/safetech.gr\/en\/wp-json\/wp\/v2\/comments?post=19822"}],"wp:featuredmedia":[{"embeddable":true,"href":"https:\/\/safetech.gr\/en\/wp-json\/wp\/v2\/media\/19823"}],"wp:attachment":[{"href":"https:\/\/safetech.gr\/en\/wp-json\/wp\/v2\/media?parent=19822"}],"wp:term":[{"taxonomy":"product_brand","embeddable":true,"href":"https:\/\/safetech.gr\/en\/wp-json\/wp\/v2\/product_brand?post=19822"},{"taxonomy":"product_cat","embeddable":true,"href":"https:\/\/safetech.gr\/en\/wp-json\/wp\/v2\/product_cat?post=19822"},{"taxonomy":"product_tag","embeddable":true,"href":"https:\/\/safetech.gr\/en\/wp-json\/wp\/v2\/product_tag?post=19822"}],"curies":[{"name":"wp","href":"https:\/\/api.w.org\/{rel}","templated":true}]}}